{"id":15355,"date":"2023-11-27T14:04:03","date_gmt":"2023-11-27T13:04:03","guid":{"rendered":"http:\/\/friedrich-kittler-gesellschaft.de\/?page_id=15355"},"modified":"2024-01-14T19:27:00","modified_gmt":"2024-01-14T18:27:00","slug":"friedrich-kittler-werkausgabe","status":"publish","type":"page","link":"https:\/\/friedrich-kittler-gesellschaft.de\/en\/friedrich-kittler-werkausgabe\/","title":{"rendered":"Friedrich Kittler. Edition"},"content":{"rendered":"<div class=\"wpb-content-wrapper\"><div class=\"vc_row wpb_row vc_row-fluid\"><div class=\"wpb_column vc_column_container vc_col-sm-12\"><div class=\"vc_column-inner\"><div class=\"wpb_wrapper\">\n\t<div class=\"wpb_text_column wpb_content_element\" >\n\t\t<div class=\"wpb_wrapper\">\n\t\t\t<p>\u00bbDem Eigenbau oder der Redundanz gegen\u00fcber hie\u00dfe systematischer<br \/>\nAnschlu\u00df also, da\u00df die [Werkausgabe], statt ihre Grenzen freih\u00e4ndig zu<br \/>\n\u00fcbertreten, Schnittstellen zur neuen Gegebenheit digitaler Archive<br \/>\naufbaut.\u00ab (Friedrich Kittler)<\/p>\n<p>Die Werkausgabe pr\u00e4sentiert erstmals alle zu Lebzeiten<br \/>\nver\u00f6ffentlichten Texte Friedrich Kittlers sowie ausgew\u00e4hlte Werke aus<br \/>\ndem Nachlass als wissenschaftlich gesicherte, kommentierte und<br \/>\ndokumentarisch angereicherte Textgrundlage.<\/p>\n<p>Herausgegeben von Moritz Hiller und Martin Stingelin in Zusammenarbeit<br \/>\nmit dem Deutschen Literaturarchiv Marbach, gef\u00f6rdert durch die Hubert<br \/>\nBurda Stiftung. Erscheint im Merve-Verlag.<\/p>\n\n\t\t<\/div>\n\t<\/div>\n<\/div><\/div><\/div><\/div>\n<\/div>","protected":false},"excerpt":{"rendered":"\u00bbDem Eigenbau oder der Redundanz gegen\u00fcber hie\u00dfe systematischer Anschlu\u00df also, da\u00df die [Werkausgabe], statt...","protected":false},"author":1,"featured_media":0,"parent":0,"menu_order":0,"comment_status":"closed","ping_status":"closed","template":"","meta":{"_acf_changed":false,"footnotes":""},"class_list":["post-15355","page","type-page","status-publish","hentry"],"acf":[],"_links":{"self":[{"href":"https:\/\/friedrich-kittler-gesellschaft.de\/en\/wp-json\/wp\/v2\/pages\/15355","targetHints":{"allow":["GET"]}}],"collection":[{"href":"https:\/\/friedrich-kittler-gesellschaft.de\/en\/wp-json\/wp\/v2\/pages"}],"about":[{"href":"https:\/\/friedrich-kittler-gesellschaft.de\/en\/wp-json\/wp\/v2\/types\/page"}],"author":[{"embeddable":true,"href":"https:\/\/friedrich-kittler-gesellschaft.de\/en\/wp-json\/wp\/v2\/users\/1"}],"replies":[{"embeddable":true,"href":"https:\/\/friedrich-kittler-gesellschaft.de\/en\/wp-json\/wp\/v2\/comments?post=15355"}],"version-history":[{"count":3,"href":"https:\/\/friedrich-kittler-gesellschaft.de\/en\/wp-json\/wp\/v2\/pages\/15355\/revisions"}],"predecessor-version":[{"id":15363,"href":"https:\/\/friedrich-kittler-gesellschaft.de\/en\/wp-json\/wp\/v2\/pages\/15355\/revisions\/15363"}],"wp:attachment":[{"href":"https:\/\/friedrich-kittler-gesellschaft.de\/en\/wp-json\/wp\/v2\/media?parent=15355"}],"curies":[{"name":"wp","href":"https:\/\/api.w.org\/{rel}","templated":true}]}}